{"id":1766,"date":"2019-01-28T06:02:02","date_gmt":"2019-01-28T06:02:02","guid":{"rendered":"https:\/\/alexszatmari.ro\/2019\/?page_id=1766"},"modified":"2019-02-24T20:35:38","modified_gmt":"2019-02-24T20:35:38","slug":"despre-mine","status":"publish","type":"page","link":"https:\/\/alexszatmari.ro\/2019\/despre-mine\/","title":{"rendered":"Despre mine"},"content":{"rendered":"<p>[vc_row][vc_column width=&#8221;1\/2&#8243;][vc_column_text]<\/p>\n<div class=\"vc_row wpb_row wf-container\">\n<div class=\"wpb_column vc_column_container vc_col-sm-12\">\n<div class=\"wpb_wrapper\">\n<div class=\"wpb_text_column wpb_content_element \">\n<div class=\"wpb_wrapper\">\n<p>Cabinetul stomatologic Dr. Alex Szatmari este un cabinet de medicina dentara ultramodern, in care se folosesc materiale de ultima generatie, totul intr-un ambient placut. Pacientul si nevoile acestuia, reprezinta principala noastra preocupare. Consideram ca aveti tot dreptul de a beneficia de zambetul pe care il doriti. Credem ca oricine zambeste, arata in mod natural mai bine.<\/p>\n<p>Excelenta nu apare intamplator in stomatologie, fiind rezultatul dintre aptitudinile clinice, rabdarea, utilizarea unor materiale de cea mai buna calitate si indeplinirea dorintelor pacientului.<\/p>\n<p>Placerea muncii, aduce perfectiunea acesteia. Pentru ca in aceasta meserie, din focusul pe detalii, vin rezultatele si din capacitatea de a vedea in ansamblu, vine evolutia. Fiecare pacient este unic, asa cum este si fiecare lucrare executata. Zilnic, ne straduim sa fim mai buni in ceea ce facem. Din punctul meu de vedere, livrarea de servicii stomatologice de calitate trebuie completata cu o buna relatie medic-pacient.<\/p>\n<p>Va oferim servicii specializate de:<\/p>\n<ul>\n<li>Protetica dentara<\/li>\n<li>Implantologie orala<\/li>\n<li>Estetica dentara<\/li>\n<li>Endodontie<\/li>\n<li>Parodontologie<\/li>\n<li>Profilaxie<\/li>\n<\/ul>\n<p>&nbsp;<\/p>\n<p>Va asteptam!<\/p>\n<\/div>\n<\/div>\n<\/div>\n<\/div>\n<\/div>\n<p>[\/vc_column_text][\/vc_column][vc_column width=&#8221;1\/2&#8243;]<style type=\"text\/css\" data-type=\"the7_shortcodes-inline-css\">.shortcode-single-image-wrap.shortcode-single-image-f6028eb832f61d6a195ccf65d7b85f92.enable-bg-rollover .rollover i,\n.shortcode-single-image-wrap.shortcode-single-image-f6028eb832f61d6a195ccf65d7b85f92.enable-bg-rollover .rollover-video i {\n  background: -webkit-linear-gradient();\n  background: linear-gradient();\n}\n.shortcode-single-image-wrap.shortcode-single-image-f6028eb832f61d6a195ccf65d7b85f92 .rollover-icon {\n  font-size: 32px;\n  color: #ffffff;\n  min-width: 44px;\n  min-height: 44px;\n  line-height: 44px;\n  border-radius: 100px;\n  border-style: solid;\n  border-width: 0px;\n}\n.dt-icon-bg-on.shortcode-single-image-wrap.shortcode-single-image-f6028eb832f61d6a195ccf65d7b85f92 .rollover-icon {\n  background: rgba(255,255,255,0.3);\n  box-shadow: none;\n}\n<\/style><div class=\"shortcode-single-image-wrap shortcode-single-image-f6028eb832f61d6a195ccf65d7b85f92 alignnone shortcode-single-video  enable-bg-rollover dt-icon-bg-off\" style=\"margin-top:0px; margin-bottom:0px; margin-left:0px; margin-right:0px; width:500px;\"><div class=\"shortcode-single-image\"><div class=\"fancy-media-wrap\" style=\"\"><div id=\"fb-root\"><\/div><script async=\"1\" defer=\"1\" src=\"https:\/\/connect.facebook.net\/ro_RO\/sdk.js#xfbml=1&amp;version=v3.2\"><\/script><div class=\"fb-video\" data-href=\"https:\/\/www.facebook.com\/dentistmedias\/videos\/346003065958439\/\" data-width=\"500\"><blockquote cite=\"https:\/\/www.facebook.com\/dentistmedias\/videos\/346003065958439\/\" class=\"fb-xfbml-parse-ignore\"><a href=\"https:\/\/www.facebook.com\/dentistmedias\/videos\/346003065958439\/\">Prezentare Cabinet Stomatologic Dr. Alex Szatmari<\/a><p>Z\u00e2mbetul este cel mai frumos accesoriu al nostru. Las\u0103-l pe m\u00e2na speciali\u0219tilor!Verific\u0103 restul detaliilor pe \u27a1\ufe0f www.alexszatmari.roStomatologie, Estetic\u0103 dentar\u0103 &amp; Implantologie(click HD pentru o calitate mai bun\u0103 a imaginii)<\/p>Publicat\u0103 de <a href=\"https:\/\/www.facebook.com\/dentistmedias\/\">Dr. Alex Szatmari - Stomatologie, Estetica dentara, Implantologie<\/a> pe Vineri, 9 noiembrie 2018<\/blockquote><\/div><\/div><\/div><\/div><div class=\"ult-spacer spacer-69f0c7a0283e9\" data-id=\"69f0c7a0283e9\" data-height=\"20\" data-height-mobile=\"20\" data-height-tab=\"20\" data-height-tab-portrait=\"\" data-height-mobile-landscape=\"\" style=\"clear:both;display:block;\"><\/div>[vc_zigzag]<div class=\"ult-spacer spacer-69f0c7a0283fb\" data-id=\"69f0c7a0283fb\" data-height=\"20\" data-height-mobile=\"20\" data-height-tab=\"20\" data-height-tab-portrait=\"\" data-height-mobile-landscape=\"\" style=\"clear:both;display:block;\"><\/div>[vc_single_image image=&#8221;1747&#8243; img_size=&#8221;medium&#8221; alignment=&#8221;center&#8221;]<div class=\"ult-spacer spacer-69f0c7a028407\" data-id=\"69f0c7a028407\" data-height=\"20\" data-height-mobile=\"20\" data-height-tab=\"20\" data-height-tab-portrait=\"\" data-height-mobile-landscape=\"\" style=\"clear:both;display:block;\"><\/div>[vc_zigzag][vc_single_image image=&#8221;1748&#8243; img_size=&#8221;medium&#8221; alignment=&#8221;center&#8221;]<div class=\"ult-spacer spacer-69f0c7a028412\" data-id=\"69f0c7a028412\" data-height=\"20\" data-height-mobile=\"20\" data-height-tab=\"20\" data-height-tab-portrait=\"\" data-height-mobile-landscape=\"\" style=\"clear:both;display:block;\"><\/div>[vc_zigzag][vc_single_image image=&#8221;1740&#8243; img_size=&#8221;medium&#8221; alignment=&#8221;center&#8221;]<div class=\"ult-spacer spacer-69f0c7a02841c\" data-id=\"69f0c7a02841c\" data-height=\"20\" data-height-mobile=\"20\" data-height-tab=\"20\" data-height-tab-portrait=\"\" data-height-mobile-landscape=\"\" style=\"clear:both;display:block;\"><\/div>[vc_zigzag][vc_single_image image=&#8221;1738&#8243; img_size=&#8221;medium&#8221; alignment=&#8221;center&#8221;]<div class=\"ult-spacer spacer-69f0c7a028425\" data-id=\"69f0c7a028425\" data-height=\"20\" data-height-mobile=\"20\" data-height-tab=\"20\" data-height-tab-portrait=\"\" data-height-mobile-landscape=\"\" style=\"clear:both;display:block;\"><\/div>[vc_zigzag][vc_single_image image=&#8221;1734&#8243; img_size=&#8221;medium&#8221; alignment=&#8221;center&#8221;]<div class=\"ult-spacer spacer-69f0c7a02842f\" data-id=\"69f0c7a02842f\" data-height=\"20\" data-height-mobile=\"20\" data-height-tab=\"20\" data-height-tab-portrait=\"\" data-height-mobile-landscape=\"\" style=\"clear:both;display:block;\"><\/div>[vc_zigzag][vc_single_image image=&#8221;1733&#8243; img_size=&#8221;medium&#8221; alignment=&#8221;center&#8221;]<div class=\"ult-spacer spacer-69f0c7a028438\" data-id=\"69f0c7a028438\" data-height=\"20\" data-height-mobile=\"20\" data-height-tab=\"20\" data-height-tab-portrait=\"\" data-height-mobile-landscape=\"\" style=\"clear:both;display:block;\"><\/div>[vc_zigzag][\/vc_column][\/vc_row]<\/p>\n","protected":false},"excerpt":{"rendered":"<p>[vc_row][vc_column width=&#8221;1\/2&#8243;][vc_column_text] Cabinetul stomatologic Dr. Alex Szatmari este un cabinet de medicina dentara ultramodern, in care se folosesc materiale de ultima generatie, totul intr-un ambient placut. Pacientul si nevoile acestuia, reprezinta principala noastra preocupare. Consideram ca aveti tot dreptul de a beneficia de zambetul pe care il doriti. Credem ca oricine zambeste, arata in mod&hellip;<\/p>\n","protected":false},"author":1,"featured_media":0,"parent":0,"menu_order":0,"comment_status":"closed","ping_status":"closed","template":"","meta":[],"_links":{"self":[{"href":"https:\/\/alexszatmari.ro\/2019\/wp-json\/wp\/v2\/pages\/1766"}],"collection":[{"href":"https:\/\/alexszatmari.ro\/2019\/wp-json\/wp\/v2\/pages"}],"about":[{"href":"https:\/\/alexszatmari.ro\/2019\/wp-json\/wp\/v2\/types\/page"}],"author":[{"embeddable":true,"href":"https:\/\/alexszatmari.ro\/2019\/wp-json\/wp\/v2\/users\/1"}],"replies":[{"embeddable":true,"href":"https:\/\/alexszatmari.ro\/2019\/wp-json\/wp\/v2\/comments?post=1766"}],"version-history":[{"count":14,"href":"https:\/\/alexszatmari.ro\/2019\/wp-json\/wp\/v2\/pages\/1766\/revisions"}],"predecessor-version":[{"id":1986,"href":"https:\/\/alexszatmari.ro\/2019\/wp-json\/wp\/v2\/pages\/1766\/revisions\/1986"}],"wp:attachment":[{"href":"https:\/\/alexszatmari.ro\/2019\/wp-json\/wp\/v2\/media?parent=1766"}],"curies":[{"name":"wp","href":"https:\/\/api.w.org\/{rel}","templated":true}]}}