{"id":1885,"date":"2019-02-18T13:30:07","date_gmt":"2019-02-18T13:30:07","guid":{"rendered":"https:\/\/alexszatmari.ro\/2019\/?page_id=1885"},"modified":"2019-08-15T10:26:50","modified_gmt":"2019-08-15T10:26:50","slug":"galerie","status":"publish","type":"page","link":"https:\/\/alexszatmari.ro\/2019\/galerie\/","title":{"rendered":"Galerie"},"content":{"rendered":"<p>[vc_row][vc_column]<style type=\"text\/css\" data-type=\"the7_shortcodes-inline-css\">.shortcode-single-image-wrap.shortcode-single-image-144a849e7b0e4df49afc7401921c0c10.enable-bg-rollover .rollover i,\n.shortcode-single-image-wrap.shortcode-single-image-144a849e7b0e4df49afc7401921c0c10.enable-bg-rollover .rollover-video i {\n  background: -webkit-linear-gradient();\n  background: linear-gradient();\n}\n.shortcode-single-image-wrap.shortcode-single-image-144a849e7b0e4df49afc7401921c0c10 .rollover-icon {\n  font-size: 32px;\n  color: #ffffff;\n  min-width: 44px;\n  min-height: 44px;\n  line-height: 44px;\n  border-radius: 100px;\n  border-style: solid;\n  border-width: 0px;\n}\n.dt-icon-bg-on.shortcode-single-image-wrap.shortcode-single-image-144a849e7b0e4df49afc7401921c0c10 .rollover-icon {\n  background: rgba(255,255,255,0.3);\n  box-shadow: none;\n}\n<\/style><div class=\"shortcode-single-image-wrap shortcode-single-image-144a849e7b0e4df49afc7401921c0c10 alignnone shortcode-single-video  enable-bg-rollover dt-icon-bg-off\" style=\"margin-top:0px; margin-bottom:0px; margin-left:0px; margin-right:0px; width:700px;\"><div class=\"shortcode-single-image\"><div class=\"fancy-media-wrap\" style=\"\"><div id=\"fb-root\"><\/div><script async=\"1\" defer=\"1\" src=\"https:\/\/connect.facebook.net\/ro_RO\/sdk.js#xfbml=1&amp;version=v3.2\"><\/script><div class=\"fb-video\" data-href=\"https:\/\/www.facebook.com\/dentistmedias\/videos\/346003065958439\/\" data-width=\"700\"><blockquote cite=\"https:\/\/www.facebook.com\/dentistmedias\/videos\/346003065958439\/\" class=\"fb-xfbml-parse-ignore\"><a href=\"https:\/\/www.facebook.com\/dentistmedias\/videos\/346003065958439\/\">Prezentare Cabinet Stomatologic Dr. Alex Szatmari<\/a><p>Z\u00e2mbetul este cel mai frumos accesoriu al nostru. Las\u0103-l pe m\u00e2na speciali\u0219tilor!Verific\u0103 restul detaliilor pe \u27a1\ufe0f www.alexszatmari.roStomatologie, Estetic\u0103 dentar\u0103 &amp; Implantologie(click HD pentru o calitate mai bun\u0103 a imaginii)<\/p>Publicat\u0103 de <a href=\"https:\/\/www.facebook.com\/dentistmedias\/\">Dr. Alex Szatmari - Stomatologie, Estetica dentara, Implantologie<\/a> pe Vineri, 9 noiembrie 2018<\/blockquote><\/div><\/div><\/div><\/div><div class=\"ult-spacer spacer-69f0c76d771a1\" data-id=\"69f0c76d771a1\" data-height=\"20\" data-height-mobile=\"20\" data-height-tab=\"20\" data-height-tab-portrait=\"\" data-height-mobile-landscape=\"\" style=\"clear:both;display:block;\"><\/div>[vc_zigzag]<div class=\"ult-spacer spacer-69f0c76d771b3\" data-id=\"69f0c76d771b3\" data-height=\"20\" data-height-mobile=\"20\" data-height-tab=\"20\" data-height-tab-portrait=\"\" data-height-mobile-landscape=\"\" style=\"clear:both;display:block;\"><\/div>[\/vc_column][\/vc_row][vc_row][vc_column][vc_column_text]<\/p>\n<h4>Diplome<\/h4>\n<p>[\/vc_column_text]<div class=\"ult-spacer spacer-69f0c76d771bf\" data-id=\"69f0c76d771bf\" data-height=\"20\" data-height-mobile=\"20\" data-height-tab=\"20\" data-height-tab-portrait=\"\" data-height-mobile-landscape=\"\" style=\"clear:both;display:block;\"><\/div><style type=\"text\/css\" data-type=\"the7_shortcodes-inline-css\">.gallery-shortcode.gallery-masonry-shortcode-id-b4852696cf011d2a986e0f926c35be9a figure,\n.gallery-shortcode.gallery-masonry-shortcode-id-b4852696cf011d2a986e0f926c35be9a .rollover,\n.gallery-shortcode.gallery-masonry-shortcode-id-b4852696cf011d2a986e0f926c35be9a img,\n.gallery-shortcode.gallery-masonry-shortcode-id-b4852696cf011d2a986e0f926c35be9a .gallery-rollover {\n  border-radius: 0px;\n}\n.gallery-shortcode.gallery-masonry-shortcode-id-b4852696cf011d2a986e0f926c35be9a.enable-bg-rollover .gallery-rollover {\n  background: -webkit-linear-gradient();\n  background: linear-gradient();\n}\n.gallery-shortcode.gallery-masonry-shortcode-id-b4852696cf011d2a986e0f926c35be9a.enable-bg-rollover.hover-scale figure .rollover:after {\n  background: -webkit-linear-gradient();\n  background: linear-gradient();\n}\n.gallery-shortcode.gallery-masonry-shortcode-id-b4852696cf011d2a986e0f926c35be9a .gallery-zoom-ico {\n  width: 44px;\n  height: 44px;\n  line-height: 44px;\n  border-radius: 100px;\n  margin: -22px 0 0 -22px;\n  border-width: 0px;\n  color: #ffffff;\n}\n.dt-icon-bg-on.gallery-shortcode.gallery-masonry-shortcode-id-b4852696cf011d2a986e0f926c35be9a .gallery-zoom-ico {\n  background: rgba(255,255,255,0.3);\n  box-shadow: none;\n}\n.gallery-shortcode.gallery-masonry-shortcode-id-b4852696cf011d2a986e0f926c35be9a .gallery-zoom-ico:before,\n.gallery-shortcode.gallery-masonry-shortcode-id-b4852696cf011d2a986e0f926c35be9a .gallery-zoom-ico span {\n  font-size: 32px;\n  line-height: 44px;\n  color: #ffffff;\n}\n.gallery-shortcode.gallery-masonry-shortcode-id-b4852696cf011d2a986e0f926c35be9a:not(.resize-by-browser-width) .dt-css-grid {\n  grid-row-gap: 10px;\n  grid-column-gap: 10px;\n  grid-template-columns: repeat(auto-fill,minmax(,1fr));\n}\n.gallery-shortcode.gallery-masonry-shortcode-id-b4852696cf011d2a986e0f926c35be9a:not(.resize-by-browser-width) .dt-css-grid .double-width {\n  grid-column: span 2;\n}\n.cssgridlegacy.no-cssgrid .gallery-shortcode.gallery-masonry-shortcode-id-b4852696cf011d2a986e0f926c35be9a:not(.resize-by-browser-width) .dt-css-grid,\n.no-cssgridlegacy.no-cssgrid .gallery-shortcode.gallery-masonry-shortcode-id-b4852696cf011d2a986e0f926c35be9a:not(.resize-by-browser-width) .dt-css-grid {\n  display: flex;\n  flex-flow: row wrap;\n  margin: -5px;\n}\n.cssgridlegacy.no-cssgrid .gallery-shortcode.gallery-masonry-shortcode-id-b4852696cf011d2a986e0f926c35be9a:not(.resize-by-browser-width) .dt-css-grid .wf-cell,\n.no-cssgridlegacy.no-cssgrid .gallery-shortcode.gallery-masonry-shortcode-id-b4852696cf011d2a986e0f926c35be9a:not(.resize-by-browser-width) .dt-css-grid .wf-cell {\n  flex: 1 0 ;\n  max-width: 100%;\n  padding: 5px;\n  box-sizing: border-box;\n}\n.gallery-shortcode.gallery-masonry-shortcode-id-b4852696cf011d2a986e0f926c35be9a.resize-by-browser-width .dt-css-grid {\n  grid-template-columns: repeat(6,1fr);\n  grid-template-rows: auto;\n  grid-column-gap: 10px;\n  grid-row-gap: 10px;\n}\n.gallery-shortcode.gallery-masonry-shortcode-id-b4852696cf011d2a986e0f926c35be9a.resize-by-browser-width .dt-css-grid .double-width {\n  grid-column: span 2;\n}\n.cssgridlegacy.no-cssgrid .gallery-shortcode.gallery-masonry-shortcode-id-b4852696cf011d2a986e0f926c35be9a.resize-by-browser-width .dt-css-grid {\n  margin: -5px;\n}\n.cssgridlegacy.no-cssgrid .gallery-shortcode.gallery-masonry-shortcode-id-b4852696cf011d2a986e0f926c35be9a.resize-by-browser-width .dt-css-grid .wf-cell {\n  width: 16.666666666667%;\n  padding: 5px;\n}\n.cssgridlegacy.no-cssgrid .gallery-shortcode.gallery-masonry-shortcode-id-b4852696cf011d2a986e0f926c35be9a.resize-by-browser-width .dt-css-grid .wf-cell.double-width {\n  width: calc(16.666666666667%) * 2;\n}\n.gallery-shortcode.gallery-masonry-shortcode-id-b4852696cf011d2a986e0f926c35be9a.resize-by-browser-width:not(.centered-layout-list):not(.content-bg-on) .dt-css-grid {\n  grid-row-gap: 10px - ;\n}\n@media screen and (max-width: 1199px) {\n  .gallery-shortcode.gallery-masonry-shortcode-id-b4852696cf011d2a986e0f926c35be9a.resize-by-browser-width .dt-css-grid {\n    grid-template-columns: repeat(4,1fr);\n  }\n  .cssgridlegacy.no-cssgrid .gallery-shortcode.gallery-masonry-shortcode-id-b4852696cf011d2a986e0f926c35be9a.resize-by-browser-width .dt-css-grid .wf-cell,\n  .no-cssgridlegacy.no-cssgrid .gallery-shortcode.gallery-masonry-shortcode-id-b4852696cf011d2a986e0f926c35be9a.resize-by-browser-width .dt-css-grid .wf-cell {\n    width: 25%;\n  }\n  .cssgridlegacy.no-cssgrid .gallery-shortcode.gallery-masonry-shortcode-id-b4852696cf011d2a986e0f926c35be9a.resize-by-browser-width .dt-css-grid .wf-cell.double-width,\n  .no-cssgridlegacy.no-cssgrid .gallery-shortcode.gallery-masonry-shortcode-id-b4852696cf011d2a986e0f926c35be9a.resize-by-browser-width .dt-css-grid .wf-cell.double-width {\n    width: calc(25%)*2;\n  }\n}\n@media screen and (max-width: 991px) {\n  .gallery-shortcode.gallery-masonry-shortcode-id-b4852696cf011d2a986e0f926c35be9a.resize-by-browser-width .dt-css-grid {\n    grid-template-columns: repeat(3,1fr);\n  }\n  .cssgridlegacy.no-cssgrid .gallery-shortcode.gallery-masonry-shortcode-id-b4852696cf011d2a986e0f926c35be9a.resize-by-browser-width .dt-css-grid .wf-cell,\n  .no-cssgridlegacy.no-cssgrid .gallery-shortcode.gallery-masonry-shortcode-id-b4852696cf011d2a986e0f926c35be9a.resize-by-browser-width .dt-css-grid .wf-cell {\n    width: 33.333333333333%;\n  }\n  .cssgridlegacy.no-cssgrid .gallery-shortcode.gallery-masonry-shortcode-id-b4852696cf011d2a986e0f926c35be9a.resize-by-browser-width .dt-css-grid .wf-cell.double-width,\n  .no-cssgridlegacy.no-cssgrid .gallery-shortcode.gallery-masonry-shortcode-id-b4852696cf011d2a986e0f926c35be9a.resize-by-browser-width .dt-css-grid .wf-cell.double-width {\n    width: calc(33.333333333333%)*2;\n  }\n}\n@media screen and (max-width: 767px) {\n  .gallery-shortcode.gallery-masonry-shortcode-id-b4852696cf011d2a986e0f926c35be9a.resize-by-browser-width .dt-css-grid {\n    grid-template-columns: repeat(2,1fr);\n  }\n  .cssgridlegacy.no-cssgrid .gallery-shortcode.gallery-masonry-shortcode-id-b4852696cf011d2a986e0f926c35be9a.resize-by-browser-width .dt-css-grid .wf-cell,\n  .no-cssgridlegacy.no-cssgrid .gallery-shortcode.gallery-masonry-shortcode-id-b4852696cf011d2a986e0f926c35be9a.resize-by-browser-width .dt-css-grid .wf-cell {\n    width: 50%;\n  }\n  .cssgridlegacy.no-cssgrid .gallery-shortcode.gallery-masonry-shortcode-id-b4852696cf011d2a986e0f926c35be9a.resize-by-browser-width .dt-css-grid .wf-cell.double-width,\n  .no-cssgridlegacy.no-cssgrid .gallery-shortcode.gallery-masonry-shortcode-id-b4852696cf011d2a986e0f926c35be9a.resize-by-browser-width .dt-css-grid .wf-cell.double-width {\n    width: calc(50%)*2;\n  }\n}\n<\/style><div class=\"gallery-shortcode dt-gallery-container gallery-masonry-shortcode-id-b4852696cf011d2a986e0f926c35be9a mode-masonry jquery-filter dt-icon-bg-off quick-scale-img enable-bg-rollover resize-by-browser-width  hover-fade loading-effect-none description-on-hover\" data-padding=\"5px\" data-cur-page=\"1\" data-post-limit=\"-1\" data-pagination-mode=\"none\" data-desktop-columns-num=\"6\" data-v-tablet-columns-num=\"3\" data-h-tablet-columns-num=\"4\" data-phone-columns-num=\"2\" data-width=\"0px\" data-columns=\"0\"><div class=\"iso-container\" ><div class=\"wf-cell iso-item\" data-post-id=\"1784\" data-date=\"2019-01-28T06:08:49+00:00\" data-name=\"diploma_dr_szatmari1\"><figure class=\"post visible\"><a href=\"https:\/\/alexszatmari.ro\/2019\/wp-content\/uploads\/2019\/01\/diploma_dr_szatmari1.jpg\" class=\"rollover dt-pswp-item layzr-bg\" data-large_image_width=\"566\" data-large_image_height=\"800\" data-dt-img-description=\"\" title=\"diploma_dr_szatmari1\"><img class=\"preload-me iso-lazy-load\" src=\"data:image\/svg+xml,%3Csvg%20xmlns%3D&#39;http%3A%2F%2Fwww.w3.org%2F2000%2Fsvg&#39;%20viewBox%3D&#39;0%200%20379%20379&#39;%2F%3E\" data-src=\"https:\/\/alexszatmari.ro\/2019\/wp-content\/uploads\/2019\/01\/diploma_dr_szatmari1-379x379.jpg\" data-srcset=\"https:\/\/alexszatmari.ro\/2019\/wp-content\/uploads\/2019\/01\/diploma_dr_szatmari1-379x379.jpg 379w, https:\/\/alexszatmari.ro\/2019\/wp-content\/uploads\/2019\/01\/diploma_dr_szatmari1-566x566.jpg 566w\" alt=\"\" width=\"379\" height=\"379\"  \/><span class=\"gallery-rollover\"><span class=\"gallery-zoom-ico icomoon-the7-font-the7-zoom-06\"><span><\/span><\/span><\/span><\/a><\/figure><\/div><div class=\"wf-cell iso-item\" data-post-id=\"1783\" data-date=\"2019-01-28T06:08:16+00:00\" data-name=\"diploma_dr_szatmari16\"><figure class=\"post visible\"><a href=\"https:\/\/alexszatmari.ro\/2019\/wp-content\/uploads\/2019\/01\/diploma_dr_szatmari16.jpg\" class=\"rollover dt-pswp-item layzr-bg\" data-large_image_width=\"800\" data-large_image_height=\"566\" data-dt-img-description=\"\" title=\"diploma_dr_szatmari16\"><img class=\"preload-me iso-lazy-load\" src=\"data:image\/svg+xml,%3Csvg%20xmlns%3D&#39;http%3A%2F%2Fwww.w3.org%2F2000%2Fsvg&#39;%20viewBox%3D&#39;0%200%20379%20379&#39;%2F%3E\" data-src=\"https:\/\/alexszatmari.ro\/2019\/wp-content\/uploads\/2019\/01\/diploma_dr_szatmari16-379x379.jpg\" data-srcset=\"https:\/\/alexszatmari.ro\/2019\/wp-content\/uploads\/2019\/01\/diploma_dr_szatmari16-379x379.jpg 379w, https:\/\/alexszatmari.ro\/2019\/wp-content\/uploads\/2019\/01\/diploma_dr_szatmari16-566x566.jpg 566w\" alt=\"\" width=\"379\" height=\"379\"  \/><span class=\"gallery-rollover\"><span class=\"gallery-zoom-ico icomoon-the7-font-the7-zoom-06\"><span><\/span><\/span><\/span><\/a><\/figure><\/div><div class=\"wf-cell iso-item\" data-post-id=\"1782\" data-date=\"2019-01-28T06:08:15+00:00\" data-name=\"diploma_dr_szatmari15\"><figure class=\"post visible\"><a href=\"https:\/\/alexszatmari.ro\/2019\/wp-content\/uploads\/2019\/01\/diploma_dr_szatmari15.jpg\" class=\"rollover dt-pswp-item layzr-bg\" data-large_image_width=\"800\" data-large_image_height=\"566\" data-dt-img-description=\"\" title=\"diploma_dr_szatmari15\"><img class=\"preload-me iso-lazy-load\" src=\"data:image\/svg+xml,%3Csvg%20xmlns%3D&#39;http%3A%2F%2Fwww.w3.org%2F2000%2Fsvg&#39;%20viewBox%3D&#39;0%200%20379%20379&#39;%2F%3E\" data-src=\"https:\/\/alexszatmari.ro\/2019\/wp-content\/uploads\/2019\/01\/diploma_dr_szatmari15-379x379.jpg\" data-srcset=\"https:\/\/alexszatmari.ro\/2019\/wp-content\/uploads\/2019\/01\/diploma_dr_szatmari15-379x379.jpg 379w, https:\/\/alexszatmari.ro\/2019\/wp-content\/uploads\/2019\/01\/diploma_dr_szatmari15-566x566.jpg 566w\" alt=\"\" width=\"379\" height=\"379\"  \/><span class=\"gallery-rollover\"><span class=\"gallery-zoom-ico icomoon-the7-font-the7-zoom-06\"><span><\/span><\/span><\/span><\/a><\/figure><\/div><div class=\"wf-cell iso-item\" data-post-id=\"1781\" data-date=\"2019-01-28T06:08:13+00:00\" data-name=\"diploma_dr_szatmari14\"><figure class=\"post visible\"><a href=\"https:\/\/alexszatmari.ro\/2019\/wp-content\/uploads\/2019\/01\/diploma_dr_szatmari14.jpg\" class=\"rollover dt-pswp-item layzr-bg\" data-large_image_width=\"800\" data-large_image_height=\"566\" data-dt-img-description=\"\" title=\"diploma_dr_szatmari14\"><img class=\"preload-me iso-lazy-load\" src=\"data:image\/svg+xml,%3Csvg%20xmlns%3D&#39;http%3A%2F%2Fwww.w3.org%2F2000%2Fsvg&#39;%20viewBox%3D&#39;0%200%20379%20379&#39;%2F%3E\" data-src=\"https:\/\/alexszatmari.ro\/2019\/wp-content\/uploads\/2019\/01\/diploma_dr_szatmari14-379x379.jpg\" data-srcset=\"https:\/\/alexszatmari.ro\/2019\/wp-content\/uploads\/2019\/01\/diploma_dr_szatmari14-379x379.jpg 379w, https:\/\/alexszatmari.ro\/2019\/wp-content\/uploads\/2019\/01\/diploma_dr_szatmari14-566x566.jpg 566w\" alt=\"\" width=\"379\" height=\"379\"  \/><span class=\"gallery-rollover\"><span class=\"gallery-zoom-ico icomoon-the7-font-the7-zoom-06\"><span><\/span><\/span><\/span><\/a><\/figure><\/div><div class=\"wf-cell iso-item\" data-post-id=\"1780\" data-date=\"2019-01-28T06:08:12+00:00\" data-name=\"diploma_dr_szatmari13\"><figure class=\"post visible\"><a href=\"https:\/\/alexszatmari.ro\/2019\/wp-content\/uploads\/2019\/01\/diploma_dr_szatmari13.jpg\" class=\"rollover dt-pswp-item layzr-bg\" data-large_image_width=\"800\" data-large_image_height=\"566\" data-dt-img-description=\"\" title=\"diploma_dr_szatmari13\"><img class=\"preload-me iso-lazy-load\" src=\"data:image\/svg+xml,%3Csvg%20xmlns%3D&#39;http%3A%2F%2Fwww.w3.org%2F2000%2Fsvg&#39;%20viewBox%3D&#39;0%200%20379%20379&#39;%2F%3E\" data-src=\"https:\/\/alexszatmari.ro\/2019\/wp-content\/uploads\/2019\/01\/diploma_dr_szatmari13-379x379.jpg\" data-srcset=\"https:\/\/alexszatmari.ro\/2019\/wp-content\/uploads\/2019\/01\/diploma_dr_szatmari13-379x379.jpg 379w, https:\/\/alexszatmari.ro\/2019\/wp-content\/uploads\/2019\/01\/diploma_dr_szatmari13-566x566.jpg 566w\" alt=\"\" width=\"379\" height=\"379\"  \/><span class=\"gallery-rollover\"><span class=\"gallery-zoom-ico icomoon-the7-font-the7-zoom-06\"><span><\/span><\/span><\/span><\/a><\/figure><\/div><div class=\"wf-cell iso-item\" data-post-id=\"1779\" data-date=\"2019-01-28T06:08:11+00:00\" data-name=\"diploma_dr_szatmari12\"><figure class=\"post visible\"><a href=\"https:\/\/alexszatmari.ro\/2019\/wp-content\/uploads\/2019\/01\/diploma_dr_szatmari12.jpg\" class=\"rollover dt-pswp-item layzr-bg\" data-large_image_width=\"800\" data-large_image_height=\"566\" data-dt-img-description=\"\" title=\"diploma_dr_szatmari12\"><img class=\"preload-me iso-lazy-load\" src=\"data:image\/svg+xml,%3Csvg%20xmlns%3D&#39;http%3A%2F%2Fwww.w3.org%2F2000%2Fsvg&#39;%20viewBox%3D&#39;0%200%20379%20379&#39;%2F%3E\" data-src=\"https:\/\/alexszatmari.ro\/2019\/wp-content\/uploads\/2019\/01\/diploma_dr_szatmari12-379x379.jpg\" data-srcset=\"https:\/\/alexszatmari.ro\/2019\/wp-content\/uploads\/2019\/01\/diploma_dr_szatmari12-379x379.jpg 379w, https:\/\/alexszatmari.ro\/2019\/wp-content\/uploads\/2019\/01\/diploma_dr_szatmari12-566x566.jpg 566w\" alt=\"\" width=\"379\" height=\"379\"  \/><span class=\"gallery-rollover\"><span class=\"gallery-zoom-ico icomoon-the7-font-the7-zoom-06\"><span><\/span><\/span><\/span><\/a><\/figure><\/div><div class=\"wf-cell iso-item\" data-post-id=\"1778\" data-date=\"2019-01-28T06:08:09+00:00\" data-name=\"diploma_dr_szatmari11\"><figure class=\"post visible\"><a href=\"https:\/\/alexszatmari.ro\/2019\/wp-content\/uploads\/2019\/01\/diploma_dr_szatmari11.jpg\" class=\"rollover dt-pswp-item layzr-bg\" data-large_image_width=\"800\" data-large_image_height=\"566\" data-dt-img-description=\"\" title=\"diploma_dr_szatmari11\"><img class=\"preload-me iso-lazy-load\" src=\"data:image\/svg+xml,%3Csvg%20xmlns%3D&#39;http%3A%2F%2Fwww.w3.org%2F2000%2Fsvg&#39;%20viewBox%3D&#39;0%200%20379%20379&#39;%2F%3E\" data-src=\"https:\/\/alexszatmari.ro\/2019\/wp-content\/uploads\/2019\/01\/diploma_dr_szatmari11-379x379.jpg\" data-srcset=\"https:\/\/alexszatmari.ro\/2019\/wp-content\/uploads\/2019\/01\/diploma_dr_szatmari11-379x379.jpg 379w, https:\/\/alexszatmari.ro\/2019\/wp-content\/uploads\/2019\/01\/diploma_dr_szatmari11-566x566.jpg 566w\" alt=\"\" width=\"379\" height=\"379\"  \/><span class=\"gallery-rollover\"><span class=\"gallery-zoom-ico icomoon-the7-font-the7-zoom-06\"><span><\/span><\/span><\/span><\/a><\/figure><\/div><div class=\"wf-cell iso-item\" data-post-id=\"1777\" data-date=\"2019-01-28T06:08:08+00:00\" data-name=\"diploma_dr_szatmari10\"><figure class=\"post visible\"><a href=\"https:\/\/alexszatmari.ro\/2019\/wp-content\/uploads\/2019\/01\/diploma_dr_szatmari10.jpg\" class=\"rollover dt-pswp-item layzr-bg\" data-large_image_width=\"566\" data-large_image_height=\"800\" data-dt-img-description=\"\" title=\"diploma_dr_szatmari10\"><img class=\"preload-me iso-lazy-load\" src=\"data:image\/svg+xml,%3Csvg%20xmlns%3D&#39;http%3A%2F%2Fwww.w3.org%2F2000%2Fsvg&#39;%20viewBox%3D&#39;0%200%20379%20379&#39;%2F%3E\" data-src=\"https:\/\/alexszatmari.ro\/2019\/wp-content\/uploads\/2019\/01\/diploma_dr_szatmari10-379x379.jpg\" data-srcset=\"https:\/\/alexszatmari.ro\/2019\/wp-content\/uploads\/2019\/01\/diploma_dr_szatmari10-379x379.jpg 379w, https:\/\/alexszatmari.ro\/2019\/wp-content\/uploads\/2019\/01\/diploma_dr_szatmari10-566x566.jpg 566w\" alt=\"\" width=\"379\" height=\"379\"  \/><span class=\"gallery-rollover\"><span class=\"gallery-zoom-ico icomoon-the7-font-the7-zoom-06\"><span><\/span><\/span><\/span><\/a><\/figure><\/div><\/div><!-- iso-container|iso-grid --><\/div><div class=\"ult-spacer spacer-69f0c76d79aa0\" data-id=\"69f0c76d79aa0\" data-height=\"20\" data-height-mobile=\"20\" data-height-tab=\"20\" data-height-tab-portrait=\"\" data-height-mobile-landscape=\"\" style=\"clear:both;display:block;\"><\/div>[vc_zigzag][vc_column_text]<\/p>\n<h4>Lucrari stomatologice<\/h4>\n<p>[\/vc_column_text]<div class=\"ult-spacer spacer-69f0c76d79ab0\" data-id=\"69f0c76d79ab0\" data-height=\"20\" data-height-mobile=\"20\" data-height-tab=\"20\" data-height-tab-portrait=\"\" data-height-mobile-landscape=\"\" style=\"clear:both;display:block;\"><\/div>[vc_media_grid grid_id=&#8221;vc_gid:1565863719161-aa21b7a9-d19a-9&#8243; include=&#8221;1959,1958,1957,1956,1955,1954,1953,1952,1951,1950,1949,1948,1947,1946&#8243;]<div class=\"ult-spacer spacer-69f0c76d79abb\" data-id=\"69f0c76d79abb\" data-height=\"20\" data-height-mobile=\"20\" data-height-tab=\"20\" data-height-tab-portrait=\"\" data-height-mobile-landscape=\"\" style=\"clear:both;display:block;\"><\/div>[vc_zigzag][vc_column_text]<\/p>\n<h4>Lucrari stomatologice pe implanturi dentare<\/h4>\n<p>[\/vc_column_text]<div class=\"ult-spacer spacer-69f0c76d79ac5\" data-id=\"69f0c76d79ac5\" data-height=\"20\" data-height-mobile=\"20\" data-height-tab=\"20\" data-height-tab-portrait=\"\" data-height-mobile-landscape=\"\" style=\"clear:both;display:block;\"><\/div>[vc_media_grid grid_id=&#8221;vc_gid:1565863719162-e673482e-b8a4-3&#8243; include=&#8221;2003,2004,2005,2006&#8243;]<div class=\"ult-spacer spacer-69f0c76d79ace\" data-id=\"69f0c76d79ace\" data-height=\"20\" data-height-mobile=\"20\" data-height-tab=\"20\" data-height-tab-portrait=\"\" data-height-mobile-landscape=\"\" style=\"clear:both;display:block;\"><\/div>[vc_zigzag][vc_column_text]<\/p>\n<h4>Prezentare cabinet stomatologic<\/h4>\n<p>[\/vc_column_text]<div class=\"ult-spacer spacer-69f0c76d79ad7\" data-id=\"69f0c76d79ad7\" data-height=\"20\" data-height-mobile=\"20\" data-height-tab=\"20\" data-height-tab-portrait=\"\" data-height-mobile-landscape=\"\" style=\"clear:both;display:block;\"><\/div>[vc_media_grid grid_id=&#8221;vc_gid:1565863719162-e3573a7a-2a43-2&#8243; include=&#8221;2039,2038,2037,2036,2035,2034,2033,2032,2031,2030,2029,2028,2027,2026,2025,2024,2023,2022,2021,2020,2019,2018&#8243;][\/vc_column][\/vc_row]<\/p>\n","protected":false},"excerpt":{"rendered":"<p>[vc_row][vc_column][vc_zigzag][\/vc_column][\/vc_row][vc_row][vc_column][vc_column_text] Diplome [\/vc_column_text][vc_zigzag][vc_column_text] Lucrari stomatologice [\/vc_column_text][vc_media_grid grid_id=&#8221;vc_gid:1565863719161-aa21b7a9-d19a-9&#8243; include=&#8221;1959,1958,1957,1956,1955,1954,1953,1952,1951,1950,1949,1948,1947,1946&#8243;][vc_zigzag][vc_column_text] Lucrari stomatologice pe implanturi dentare [\/vc_column_text][vc_media_grid grid_id=&#8221;vc_gid:1565863719162-e673482e-b8a4-3&#8243; include=&#8221;2003,2004,2005,2006&#8243;][vc_zigzag][vc_column_text] Prezentare cabinet stomatologic [\/vc_column_text][vc_media_grid grid_id=&#8221;vc_gid:1565863719162-e3573a7a-2a43-2&#8243; include=&#8221;2039,2038,2037,2036,2035,2034,2033,2032,2031,2030,2029,2028,2027,2026,2025,2024,2023,2022,2021,2020,2019,2018&#8243;][\/vc_column][\/vc_row]<\/p>\n","protected":false},"author":1,"featured_media":0,"parent":0,"menu_order":0,"comment_status":"closed","ping_status":"closed","template":"","meta":[],"_links":{"self":[{"href":"https:\/\/alexszatmari.ro\/2019\/wp-json\/wp\/v2\/pages\/1885"}],"collection":[{"href":"https:\/\/alexszatmari.ro\/2019\/wp-json\/wp\/v2\/pages"}],"about":[{"href":"https:\/\/alexszatmari.ro\/2019\/wp-json\/wp\/v2\/types\/page"}],"author":[{"embeddable":true,"href":"https:\/\/alexszatmari.ro\/2019\/wp-json\/wp\/v2\/users\/1"}],"replies":[{"embeddable":true,"href":"https:\/\/alexszatmari.ro\/2019\/wp-json\/wp\/v2\/comments?post=1885"}],"version-history":[{"count":13,"href":"https:\/\/alexszatmari.ro\/2019\/wp-json\/wp\/v2\/pages\/1885\/revisions"}],"predecessor-version":[{"id":2041,"href":"https:\/\/alexszatmari.ro\/2019\/wp-json\/wp\/v2\/pages\/1885\/revisions\/2041"}],"wp:attachment":[{"href":"https:\/\/alexszatmari.ro\/2019\/wp-json\/wp\/v2\/media?parent=1885"}],"curies":[{"name":"wp","href":"https:\/\/api.w.org\/{rel}","templated":true}]}}